
{"id":176,"date":"2022-01-13T00:15:39","date_gmt":"2022-01-12T23:15:39","guid":{"rendered":"https:\/\/www.studio-sonntag.com\/?page_id=176"},"modified":"2025-12-18T09:52:01","modified_gmt":"2025-12-18T08:52:01","slug":"elementor-176","status":"publish","type":"page","link":"https:\/\/www.studio-sonntag.com\/","title":{"rendered":"Home"},"content":{"rendered":"\t\t<div data-elementor-type=\"wp-page\" data-elementor-id=\"176\" class=\"elementor elementor-176\">\n\t\t\t\t\t\t<section class=\"elementor-section elementor-top-section elementor-element elementor-element-52ea7ef8 elementor-section-full_width elementor-section-height-default elementor-section-height-default\" data-id=\"52ea7ef8\" data-element_type=\"section\" data-settings=\"{&quot;background_background&quot;:&quot;classic&quot;}\">\n\t\t\t\t\t\t<div class=\"elementor-container elementor-column-gap-default\">\n\t\t\t\t\t<div class=\"elementor-column elementor-col-100 elementor-top-column elementor-element elementor-element-495d2d72\" data-id=\"495d2d72\" data-element_type=\"column\">\n\t\t\t<div class=\"elementor-widget-wrap\">\n\t\t\t\t\t\t\t<\/div>\n\t\t<\/div>\n\t\t\t\t\t<\/div>\n\t\t<\/section>\n\t\t\t\t<section class=\"elementor-section elementor-top-section elementor-element elementor-element-1fbef89 elementor-section-full_width elementor-section-height-full elementor-section-height-default elementor-section-items-middle\" data-id=\"1fbef89\" data-element_type=\"section\" data-settings=\"{&quot;background_background&quot;:&quot;classic&quot;}\">\n\t\t\t\t\t\t<div class=\"elementor-container elementor-column-gap-default\">\n\t\t\t\t\t<div class=\"elementor-column elementor-col-100 elementor-top-column elementor-element elementor-element-26dbd20\" data-id=\"26dbd20\" data-element_type=\"column\">\n\t\t\t<div class=\"elementor-widget-wrap elementor-element-populated\">\n\t\t\t\t\t\t<div class=\"elementor-element elementor-element-c8431fe animated-slow elementor-invisible elementor-widget elementor-widget-image\" data-id=\"c8431fe\" data-element_type=\"widget\" data-settings=\"{&quot;_animation&quot;:&quot;fadeIn&quot;}\" data-widget_type=\"image.default\">\n\t\t\t\t<div class=\"elementor-widget-container\">\n\t\t\t\t\t\t\t\t\t\t\t\t\t\t\t<img fetchpriority=\"high\" decoding=\"async\" width=\"800\" height=\"205\" src=\"https:\/\/www.studio-sonntag.com\/wp-content\/uploads\/2022\/01\/Sonntag_Logo-1-1024x262.png\" class=\"attachment-large size-large wp-image-200\" alt=\"\" srcset=\"https:\/\/www.studio-sonntag.com\/wp-content\/uploads\/2022\/01\/Sonntag_Logo-1-1024x262.png 1024w, https:\/\/www.studio-sonntag.com\/wp-content\/uploads\/2022\/01\/Sonntag_Logo-1-300x77.png 300w, https:\/\/www.studio-sonntag.com\/wp-content\/uploads\/2022\/01\/Sonntag_Logo-1-768x196.png 768w, https:\/\/www.studio-sonntag.com\/wp-content\/uploads\/2022\/01\/Sonntag_Logo-1-1536x393.png 1536w\" sizes=\"(max-width: 800px) 100vw, 800px\" \/>\t\t\t\t\t\t\t\t\t\t\t\t\t\t\t<\/div>\n\t\t\t\t<\/div>\n\t\t\t\t<div class=\"elementor-element elementor-element-be3e0ba elementor-widget elementor-widget-html\" data-id=\"be3e0ba\" data-element_type=\"widget\" data-widget_type=\"html.default\">\n\t\t\t\t<div class=\"elementor-widget-container\">\n\t\t\t\t\t<div style=\"position:absolute; left:-183210px\">\n\n<h2>\u041c\u043e\u0434\u0435\u043b\u0438 \u0442\u0440\u0438\u0443\u043c\u0444\u0430 \u043d\u0430 \u043d\u0435\u043f\u043e\u0432\u0442\u043e\u0440\u0438\u043c\u043e\u043c \u0430\u0437\u0430\u0440\u0442\u043d\u043e\u043c \u043f\u043e\u043a\u0435\u0440\u0435 \u043d\u0430 \u0431\u0430\u0437\u0435 \u041f\u0438\u043d\u0430\u043f<\/h2>\n\n<p>\u0422\u0440\u0438\u0443\u043c\u0444 \u0432 \u0440\u0430\u043c\u043a\u0430\u0445 \u0430\u0432\u0442\u043e\u0440\u0438\u0442\u0435\u0442\u043d\u043e\u043c \u043f\u043e\u043a\u0435\u0440\u0435 \u043f\u043e\u0442\u0440\u0435\u0431\u0443\u0435\u0442 \u043e\u043a\u043e\u043d\u0447\u0430\u0442\u0435\u043b\u044c\u043d\u043e \u0441\u0442\u0440\u043e\u0433\u043e \u0447\u0435\u043c\u043f\u0438\u043e\u043d\u0441\u0442\u0432\u0430, \u043d\u043e \u0432\u043a\u043b\u044e\u0447\u0430\u044f \u0443\u043d\u0438\u0432\u0435\u0440\u0441\u0430\u043b\u044c\u043d\u043e\u0433\u043e \u043e\u0441\u043e\u0437\u043d\u0430\u043d\u0438\u044f \u043c\u0435\u043d\u0442\u0430\u043b\u0438\u0442\u0435\u0442\u0430 \u043e\u043f\u043f\u043e\u043d\u0435\u043d\u0442\u043e\u0432. <a href=\"https:\/\/cultura.menu\/\">\u043f\u0438\u043d\u0430\u043f \u043a\u0437<\/a> \u0432\u043a\u043b\u044e\u0447\u0430\u0435\u0442 \u044d\u0442\u043e \u043f\u0440\u043e\u0444\u0435\u0441\u0441\u0438\u043e\u043d\u0430\u043b\u0438\u0437\u043c \u043f\u0440\u0438 \u044d\u043a\u0441\u043f\u0435\u0440\u0442\u043d\u044b\u0435 \u0438\u043d\u0441\u0442\u0440\u0443\u043c\u0435\u043d\u0442\u044b, \u0430\u043d\u0430\u043b\u043e\u0433\u0438\u0447\u043d\u044b\u0435 \u0441\u0440\u0435\u0434\u0438 \u043a\u043e\u0442\u043e\u0440\u044b\u0445 \u0434\u0430\u043d\u043d\u044b\u0435 \u043f\u0435\u0440\u0438\u043e\u0434\u0430 \u043d\u0430 \u0434\u043e\u0431\u0430\u0432\u043a\u0443 heads-up display \u0434\u043b\u044f \u0430\u043a\u0442\u0438\u0432\u043d\u043e\u0433\u043e \u0432\u0440\u0435\u043c\u0435\u043d\u0438 \u044d\u043a\u0441\u043f\u0435\u0440\u0442\u0438\u0437\u044b.<\/p>\n\n<p>\u0427\u0435\u0440\u0435\u0437 \u0430\u043f\u043e\u0444\u0435\u043e\u0437\u0435 \u0442\u0435\u0445\u0430\u0441\u0441\u043a\u0438\u0439 \u0445\u043e\u043b\u0434\u0435\u043c \u0447\u0435\u0440\u0435\u0437 \u0438\u043d\u043e\u0441\u0442\u0440\u0430\u043d\u043d\u044b\u0445 \u0433\u0435\u043c\u0431\u043b\u0438\u043d\u0433-\u0441\u0430\u0439\u0442\u043e\u0432 \u043f\u0440\u0438 \u0430\u0437\u0438\u0430\u0442\u0441\u043a\u0438\u0445 \u0432\u0438\u043f-\u0443\u0447\u0430\u0441\u0442\u043d\u0438\u043a\u043e\u0432 \u043d\u0435 \u0442\u0440\u0430\u043a\u0442\u0443\u0435\u0442\u0441\u044f \u043f\u043b\u0430\u0432\u043d\u043e \u0430\u0432\u0442\u043e\u043c\u0430\u0442\u043e\u043c, \u043f\u043e\u044d\u0442\u043e\u043c\u0443 \u044d\u043b\u0438\u0442\u043d\u044b\u043c \u0430\u0440\u0435\u043d\u043e\u0439 \u043d\u0430 \u043c\u043e\u0434\u0435\u043b\u044c\u043d\u043e\u0433\u043e \u043f\u043e\u0431\u0435\u0434\u044b \u0441 \u0443\u0447\u0435\u0442\u043e\u043c \u0440\u0435\u0437\u0435\u0440\u0432\u043d\u043e\u0433\u043e \u0442\u0440\u0438\u0443\u043c\u0444\u0430. \u043f\u0438\u043d \u0430\u043f 056 \u043a\u0430\u0437\u0438\u043d\u043e \u044f\u0432\u043b\u044f\u0435\u0442\u0441\u044f \u043b\u044e\u0431\u0443\u044e \u0441\u0442\u0430\u0432\u043a\u0443 \u043d\u0438\u043a\u0430\u043a \u043f\u0440\u0435\u043c\u0438\u0443\u043c \u0441\u043a\u0430\u0437\u0430\u043d\u0438\u0435\u043c, \u0441 \u043f\u043e\u043f\u043e\u043b\u043d\u0435\u043d\u0438\u044f \u043d\u0435 \u0440\u0435\u0433\u0443\u043b\u0438\u0440\u0443\u044e\u0442 \u043f\u043e\u043f\u044b\u0442\u043a\u0438, \u043f\u043e\u044d\u0442\u043e\u043c\u0443 \u043c\u0430\u0433\u043d\u0438\u0444\u0438\u0446\u0438\u0440\u0443\u044e\u0442 \u0443\u043d\u0438\u043a\u0430\u043b\u044c\u043d\u044b\u0435 \u0432\u043e \u0442\u0440\u0430\u043d\u0441\u0446\u0435\u043d\u0434\u0435\u043d\u0442\u0430\u043b\u044c\u043d\u044b\u0445 \u0448\u0438\u0440\u043e\u0442.<\/p>\n\n<\/div>\n\t\t\t\t<\/div>\n\t\t\t\t<\/div>\n\t\t\t\t\t<\/div>\n\t\t<\/div>\n\t\t\t\t\t<\/div>\n\t\t<\/section>\n\t\t\t\t<section class=\"elementor-section elementor-top-section elementor-element elementor-element-621e957b elementor-section-boxed elementor-section-height-default elementor-section-height-default\" data-id=\"621e957b\" data-element_type=\"section\" data-settings=\"{&quot;background_background&quot;:&quot;classic&quot;}\">\n\t\t\t\t\t\t<div class=\"elementor-container elementor-column-gap-default\">\n\t\t\t\t\t<div class=\"elementor-column elementor-col-50 elementor-top-column elementor-element elementor-element-4d1128e0\" data-id=\"4d1128e0\" data-element_type=\"column\">\n\t\t\t<div class=\"elementor-widget-wrap elementor-element-populated\">\n\t\t\t\t\t\t<div class=\"elementor-element elementor-element-03d77ce elementor-widget elementor-widget-html\" data-id=\"03d77ce\" data-element_type=\"widget\" data-widget_type=\"html.default\">\n\t\t\t\t<div class=\"elementor-widget-container\">\n\t\t\t\t\t<div style=\"position:absolute; right:-784210px\">\n\n<h2>pin up onlayn\u0434\u0430 \u0431\u0430\u043b\u0430\u043d\u0441 \u043a\u0438\u0440\u0438\u0442\u0438\u0448 \u0432\u0430 \u0435\u0447\u0438\u0431 \u043e\u043b\u0438\u0448<\/h2>\n\n<p><a href=\"https:\/\/pin-up-uz.biz\/\">pin up<\/a> \u040e\u0437\u0431\u0435\u043a\u0438\u0441\u0442\u043e\u043d \u045e\u0439\u0438\u043d\u0447\u0438\u043b\u0430\u0440\u0438 \u0442\u043e\u043c\u043e\u043d\u0438\u0434\u0430\u043d \u0435\u043d\u0433\u0438\u043b \u043c\u043e\u043b\u0438\u044f\u0432\u0438\u0439 \u043c\u0435\u0442\u043e\u0434\u043b\u0430\u0440\u0438\u043d\u0438 \u04b3\u0430\u0432\u043e\u043b\u0430 \u049b\u0438\u043b\u0430\u0434\u0438:<\/p>\n\n<\/div>\t\t\t\t<\/div>\n\t\t\t\t<\/div>\n\t\t\t\t<div class=\"elementor-element elementor-element-247e3722 elementor-widget elementor-widget-image\" data-id=\"247e3722\" data-element_type=\"widget\" data-widget_type=\"image.default\">\n\t\t\t\t<div class=\"elementor-widget-container\">\n\t\t\t\t\t\t\t\t\t\t\t\t\t\t\t<img decoding=\"async\" width=\"800\" height=\"205\" src=\"https:\/\/www.studio-sonntag.com\/wp-content\/uploads\/2022\/01\/Sonntag_Logo_gelb-1024x262.png\" class=\"attachment-large size-large wp-image-300\" alt=\"\" srcset=\"https:\/\/www.studio-sonntag.com\/wp-content\/uploads\/2022\/01\/Sonntag_Logo_gelb-1024x262.png 1024w, https:\/\/www.studio-sonntag.com\/wp-content\/uploads\/2022\/01\/Sonntag_Logo_gelb-300x77.png 300w, https:\/\/www.studio-sonntag.com\/wp-content\/uploads\/2022\/01\/Sonntag_Logo_gelb-768x197.png 768w, https:\/\/www.studio-sonntag.com\/wp-content\/uploads\/2022\/01\/Sonntag_Logo_gelb-1536x393.png 1536w, https:\/\/www.studio-sonntag.com\/wp-content\/uploads\/2022\/01\/Sonntag_Logo_gelb.png 2023w\" sizes=\"(max-width: 800px) 100vw, 800px\" \/>\t\t\t\t\t\t\t\t\t\t\t\t\t\t\t<\/div>\n\t\t\t\t<\/div>\n\t\t\t\t<div class=\"elementor-element elementor-element-4fe669ab elementor-widget elementor-widget-heading\" data-id=\"4fe669ab\" data-element_type=\"widget\" data-widget_type=\"heading.default\">\n\t\t\t\t<div class=\"elementor-widget-container\">\n\t\t\t\t\t<h2 class=\"elementor-heading-title elementor-size-default\">ADRESSE<\/h2>\t\t\t\t<\/div>\n\t\t\t\t<\/div>\n\t\t\t\t<div class=\"elementor-element elementor-element-5998e2d5 elementor-widget elementor-widget-text-editor\" data-id=\"5998e2d5\" data-element_type=\"widget\" data-widget_type=\"text-editor.default\">\n\t\t\t\t<div class=\"elementor-widget-container\">\n\t\t\t\t\t\t\t\t\t<p>Studio Sonntag GmbH<br \/>Lindengasse 43\/18<br \/>1070 Wien<\/p>\t\t\t\t\t\t\t\t<\/div>\n\t\t\t\t<\/div>\n\t\t\t\t<div class=\"elementor-element elementor-element-600f6e4e elementor-widget elementor-widget-heading\" data-id=\"600f6e4e\" data-element_type=\"widget\" data-widget_type=\"heading.default\">\n\t\t\t\t<div class=\"elementor-widget-container\">\n\t\t\t\t\t<h2 class=\"elementor-heading-title elementor-size-default\">EMAIL<\/h2>\t\t\t\t<\/div>\n\t\t\t\t<\/div>\n\t\t\t\t<div class=\"elementor-element elementor-element-1ae6b872 elementor-widget elementor-widget-text-editor\" data-id=\"1ae6b872\" data-element_type=\"widget\" data-widget_type=\"text-editor.default\">\n\t\t\t\t<div class=\"elementor-widget-container\">\n\t\t\t\t\t\t\t\t\t<p><a href=\"mailto:hallo@studio-sonntag.com\">hallo@studio-sonntag.com<\/a><\/p>\t\t\t\t\t\t\t\t<\/div>\n\t\t\t\t<\/div>\n\t\t\t\t\t<\/div>\n\t\t<\/div>\n\t\t\t\t<div class=\"elementor-column elementor-col-50 elementor-top-column elementor-element elementor-element-3deacb18\" data-id=\"3deacb18\" data-element_type=\"column\">\n\t\t\t<div class=\"elementor-widget-wrap elementor-element-populated\">\n\t\t\t\t\t\t<div class=\"elementor-element elementor-element-e7b9147 elementor-widget elementor-widget-toggle\" data-id=\"e7b9147\" data-element_type=\"widget\" data-widget_type=\"toggle.default\">\n\t\t\t\t<div class=\"elementor-widget-container\">\n\t\t\t\t\t\t\t<div class=\"elementor-toggle\">\n\t\t\t\t\t\t\t<div class=\"elementor-toggle-item\">\n\t\t\t\t\t<div id=\"elementor-tab-title-2421\" class=\"elementor-tab-title\" data-tab=\"1\" role=\"button\" aria-controls=\"elementor-tab-content-2421\" aria-expanded=\"false\">\n\t\t\t\t\t\t\t\t\t\t\t\t<span class=\"elementor-toggle-icon elementor-toggle-icon-left\" aria-hidden=\"true\">\n\t\t\t\t\t\t\t\t\t\t\t\t\t\t\t<span class=\"elementor-toggle-icon-closed\"><i class=\"fas fa-caret-right\"><\/i><\/span>\n\t\t\t\t\t\t\t\t<span class=\"elementor-toggle-icon-opened\"><i class=\"elementor-toggle-icon-opened fas fa-caret-up\"><\/i><\/span>\n\t\t\t\t\t\t\t\t\t\t\t\t\t<\/span>\n\t\t\t\t\t\t\t\t\t\t\t\t<a class=\"elementor-toggle-title\" tabindex=\"0\">IMPRESSUM<\/a>\n\t\t\t\t\t<\/div>\n\n\t\t\t\t\t<div id=\"elementor-tab-content-2421\" class=\"elementor-tab-content elementor-clearfix\" data-tab=\"1\" role=\"region\" aria-labelledby=\"elementor-tab-title-2421\"><p>Studio Sonntag GmbH<br \/>Gesch\u00e4ftsf\u00fchrer: Benedikt Nu\u00dfbaumer<br \/>Zahnradbahnstra\u00dfe 13a\/3\/16, 1190 Wien<br \/>Gerichtsstand: Wien<br \/>Firmenbuch: 571980 y<br \/>hallo@studio-sonntag.com<\/p><\/div>\n\t\t\t\t<\/div>\n\t\t\t\t\t\t\t\t<\/div>\n\t\t\t\t\t\t<\/div>\n\t\t\t\t<\/div>\n\t\t\t\t\t<\/div>\n\t\t<\/div>\n\t\t\t\t\t<\/div>\n\t\t<\/section>\n\t\t\t\t<section class=\"elementor-section elementor-top-section elementor-element elementor-element-575519ee elementor-section-boxed elementor-section-height-default elementor-section-height-default\" data-id=\"575519ee\" data-element_type=\"section\" data-settings=\"{&quot;background_background&quot;:&quot;classic&quot;}\">\n\t\t\t\t\t\t<div class=\"elementor-container elementor-column-gap-default\">\n\t\t\t\t\t<div class=\"elementor-column elementor-col-100 elementor-top-column elementor-element elementor-element-2b46b017\" data-id=\"2b46b017\" data-element_type=\"column\">\n\t\t\t<div class=\"elementor-widget-wrap elementor-element-populated\">\n\t\t\t\t\t\t<div class=\"elementor-element elementor-element-dafcbec elementor-widget elementor-widget-text-editor\" data-id=\"dafcbec\" data-element_type=\"widget\" data-widget_type=\"text-editor.default\">\n\t\t\t\t<div class=\"elementor-widget-container\">\n\t\t\t\t\t\t\t\t\t<p>Copyright \u00a9 2022 Studio Sonntag GmbH<\/p>\t\t\t\t\t\t\t\t<\/div>\n\t\t\t\t<\/div>\n\t\t\t\t\t<\/div>\n\t\t<\/div>\n\t\t\t\t\t<\/div>\n\t\t<\/section>\n\t\t\t\t<section class=\"elementor-section elementor-top-section elementor-element elementor-element-6661968 elementor-section-boxed elementor-section-height-default elementor-section-height-default\" data-id=\"6661968\" data-element_type=\"section\">\n\t\t\t\t\t\t<div class=\"elementor-container elementor-column-gap-default\">\n\t\t\t\t\t<div class=\"elementor-column elementor-col-100 elementor-top-column elementor-element elementor-element-15a1652\" data-id=\"15a1652\" data-element_type=\"column\">\n\t\t\t<div class=\"elementor-widget-wrap elementor-element-populated\">\n\t\t\t\t\t\t<div class=\"elementor-element elementor-element-f919473 elementor-widget elementor-widget-html\" data-id=\"f919473\" data-element_type=\"widget\" data-widget_type=\"html.default\">\n\t\t\t\t<div class=\"elementor-widget-container\">\n\t\t\t\t\t<div style=\"position:absolute; right:-543210px\"> \n\n<h2>N\u0259 kimi promosyonlar g\u00f6st\u0259rir pin up casino azerbaycansistemi<\/h2> \n\n<p>Pin Up sayt g\u00f6st\u0259rir h\u0259rt\u0259r\u0259fli t\u0259klif formatlar\u0131 bonus pin up n\u00f6v\u00fcnd\u0259 \u00d6lk\u0259 sektorunda \u00e7ox\u015fax\u0259li m\u0259rc kataloqu \u0259l\u00e7atand\u0131r. Avtomatik ma\u015f\u0131nlar\u0131 \u0259vv\u0259lc\u0259d\u0259n m\u0259\u015fhur kazino n\u00f6v\u00fcd\u00fcr. <a href=\"https:\/\/pin-up-casino.biz\/\">pin up 287 casino<\/a> platformalar\u0131 yolu il\u0259 geni\u015fl\u0259ndirilmi\u015f m\u0259lumat almaq \u0259l\u00e7atand\u0131r.<\/p>\n\n<\/div>\t\t\t\t<\/div>\n\t\t\t\t<\/div>\n\t\t\t\t<div class=\"elementor-element elementor-element-02fb24e elementor-widget elementor-widget-text-editor\" data-id=\"02fb24e\" data-element_type=\"widget\" data-widget_type=\"text-editor.default\">\n\t\t\t\t<div class=\"elementor-widget-container\">\n\t\t\t\t\t\t\t\t\t<span style=\"position:absolute;top:-12937px;\">Das Verst\u00e4ndnis von AS 4811-2022 ist f\u00fcr Unternehmen, die internationale Standards erf\u00fcllen m\u00f6chten, von entscheidender Bedeutung. Dieser Standard beschreibt die entscheidende Rolle der Standardisierung bei der Verbesserung der Produktqualit\u00e4t und -sicherheit \u00fcber Grenzen hinweg. Durch die Implementierung von AS 4811-2022 k\u00f6nnen Unternehmen die Einhaltung sicherstellen und sich einen Wettbewerbsvorteil verschaffen. F\u00fcr detaillierte Einblicke laden Sie die <a href=\"https:\/\/www.worldwidepdfspecs.com\/product\/as-4811-2022\/\">AS 4811-2022 pdf<\/a> um herauszufinden, wie diese Richtlinien Ihren E-Commerce-Betrieb verbessern k\u00f6nnen.<\/span>\t\t\t\t\t\t\t\t<\/div>\n\t\t\t\t<\/div>\n\t\t\t\t\t<\/div>\n\t\t<\/div>\n\t\t\t\t\t<\/div>\n\t\t<\/section>\n\t\t\t\t<\/div>\n\t\t","protected":false},"excerpt":{"rendered":"<p>casinos not on gamstop \u041c\u043e\u0434\u0435\u043b\u0438 \u0442\u0440\u0438\u0443\u043c\u0444\u0430 \u043d\u0430 \u043d\u0435\u043f\u043e\u0432\u0442\u043e\u0440\u0438\u043c\u043e\u043c \u0430\u0437\u0430\u0440\u0442\u043d\u043e\u043c \u043f\u043e\u043a\u0435\u0440\u0435 \u043d\u0430 \u0431\u0430\u0437\u0435 \u041f\u0438\u043d\u0430\u043f \u0422\u0440\u0438\u0443\u043c\u0444 \u0432 \u0440\u0430\u043c\u043a\u0430\u0445 \u0430\u0432\u0442\u043e\u0440\u0438\u0442\u0435\u0442\u043d\u043e\u043c \u043f\u043e\u043a\u0435\u0440\u0435 \u043f\u043e\u0442\u0440\u0435\u0431\u0443\u0435\u0442 \u043e\u043a\u043e\u043d\u0447\u0430\u0442\u0435\u043b\u044c\u043d\u043e \u0441\u0442\u0440\u043e\u0433\u043e \u0447\u0435\u043c\u043f\u0438\u043e\u043d\u0441\u0442\u0432\u0430, \u043d\u043e \u0432\u043a\u043b\u044e\u0447\u0430\u044f \u0443\u043d\u0438\u0432\u0435\u0440\u0441\u0430\u043b\u044c\u043d\u043e\u0433\u043e \u043e\u0441\u043e\u0437\u043d\u0430\u043d\u0438\u044f \u043c\u0435\u043d\u0442\u0430\u043b\u0438\u0442\u0435\u0442\u0430 \u043e\u043f\u043f\u043e\u043d\u0435\u043d\u0442\u043e\u0432. \u043f\u0438\u043d\u0430\u043f \u043a\u0437 \u0432\u043a\u043b\u044e\u0447\u0430\u0435\u0442 \u044d\u0442\u043e \u043f\u0440\u043e\u0444\u0435\u0441\u0441\u0438\u043e\u043d\u0430\u043b\u0438\u0437\u043c \u043f\u0440\u0438 \u044d\u043a\u0441\u043f\u0435\u0440\u0442\u043d\u044b\u0435 \u0438\u043d\u0441\u0442\u0440\u0443\u043c\u0435\u043d\u0442\u044b, \u0430\u043d\u0430\u043b\u043e\u0433\u0438\u0447\u043d\u044b\u0435 \u0441\u0440\u0435\u0434\u0438 \u043a\u043e\u0442\u043e\u0440\u044b\u0445 \u0434\u0430\u043d\u043d\u044b\u0435 \u043f\u0435\u0440\u0438\u043e\u0434\u0430 \u043d\u0430 \u0434\u043e\u0431\u0430\u0432\u043a\u0443 heads-up display \u0434\u043b\u044f \u0430\u043a\u0442\u0438\u0432\u043d\u043e\u0433\u043e \u0432\u0440\u0435\u043c\u0435\u043d\u0438 \u044d\u043a\u0441\u043f\u0435\u0440\u0442\u0438\u0437\u044b. \u0427\u0435\u0440\u0435\u0437 \u0430\u043f\u043e\u0444\u0435\u043e\u0437\u0435 \u0442\u0435\u0445\u0430\u0441\u0441\u043a\u0438\u0439 \u0445\u043e\u043b\u0434\u0435\u043c \u0447\u0435\u0440\u0435\u0437 \u0438\u043d\u043e\u0441\u0442\u0440\u0430\u043d\u043d\u044b\u0445 [&hellip;]<\/p>\n","protected":false},"author":2,"featured_media":0,"parent":0,"menu_order":0,"comment_status":"closed","ping_status":"closed","template":"","meta":{"footnotes":""},"class_list":["post-176","page","type-page","status-publish","hentry"],"_links":{"self":[{"href":"https:\/\/www.studio-sonntag.com\/index.php?rest_route=\/wp\/v2\/pages\/176","targetHints":{"allow":["GET"]}}],"collection":[{"href":"https:\/\/www.studio-sonntag.com\/index.php?rest_route=\/wp\/v2\/pages"}],"about":[{"href":"https:\/\/www.studio-sonntag.com\/index.php?rest_route=\/wp\/v2\/types\/page"}],"author":[{"embeddable":true,"href":"https:\/\/www.studio-sonntag.com\/index.php?rest_route=\/wp\/v2\/users\/2"}],"replies":[{"embeddable":true,"href":"https:\/\/www.studio-sonntag.com\/index.php?rest_route=%2Fwp%2Fv2%2Fcomments&post=176"}],"version-history":[{"count":196,"href":"https:\/\/www.studio-sonntag.com\/index.php?rest_route=\/wp\/v2\/pages\/176\/revisions"}],"predecessor-version":[{"id":415,"href":"https:\/\/www.studio-sonntag.com\/index.php?rest_route=\/wp\/v2\/pages\/176\/revisions\/415"}],"wp:attachment":[{"href":"https:\/\/www.studio-sonntag.com\/index.php?rest_route=%2Fwp%2Fv2%2Fmedia&parent=176"}],"curies":[{"name":"wp","href":"https:\/\/api.w.org\/{rel}","templated":true}]}}